{"id":612,"date":"2020-03-30T10:15:04","date_gmt":"2020-03-30T08:15:04","guid":{"rendered":"https:\/\/www.slurrysrl.com\/?page_id=612"},"modified":"2020-04-08T17:15:02","modified_gmt":"2020-04-08T15:15:02","slug":"privacy-policy-en","status":"publish","type":"page","link":"https:\/\/www.slurrysrl.com\/en\/privacy-policy-en\/","title":{"rendered":"Privacy Policy"},"content":{"rendered":"\r\n<h1 class=\"wp-block-heading\"><\/h1>\r\n<h1 class=\"wp-block-heading\"><\/h1>\r\n<h2 class=\"wp-block-heading\"><\/h2>\r\n<h1 class=\"wp-block-heading\">PRIVACY e Cookie<\/h1>\r\n<h2>INFORMATIVA SUL TRATTAMENTO DEI DATI PERSONALI<\/h2>\r\n<p><strong>(ai sensi degli articoli 13 e 14 del Regolamento UE n. 679\/2016<\/strong><\/p>\r\n<p>In questa pagina si descrivono le modalit\u00e0 e le logiche del trattamento dei dati personali degli utenti (di seguito, anche gli \u201cUtenti\u201d) che consultano il sito\u00a0\u00a0<a href=\"https:\/\/www.slurrysrl.com\/\"> www.slurrysrl.com\u00a0<\/a> (di seguito, anche il \u201cSito\u201d) in riferimento al trattamento dei dati personali degli utenti che lo consultano.<\/p>\r\n<p>Il Sito, fin dalla sua progettazione, intende garantire il rispetto dei principi sanciti dal Regolamento UE n. 2016\/679 relativo alla protezione delle persone fisiche con particolare riguardo al trattamento dei dati personali nonch\u00e9 alla libera circolazione dei medesimi.<\/p>\r\n<p>La presente informativa \u00e8 resa solo per il sito <a href=\"https:\/\/www.slurrysrl.com\/\">\u00a0www.slurrysrl.com\u00a0<\/a> e non anche per gli altri siti web eventualmente consultati dall\u2019utente tramite link.<\/p>\r\n<h2>Identit\u00e0 e dati di contatto del Titolare del trattamento<\/h2>\r\n<p>Il Titolare del trattamento dei dati personali relativi agli utenti \u00e8 la societ\u00e0 \u00a0<strong>SLURRY SRL<\/strong>, corrente in Via Angelina Marcuzzi, 14<br \/>33034 Fagagna (Ud) +39 0432 800283, e-mail: <a href=\"mailto:info@rmproject.it\">info@slurrysrl.com<\/a><\/p>\r\n<h2>Finalita\u2019 del trattamento e base giuridica<\/h2>\r\n<p>I dati personali saranno trattati in relazione ai servizi offerti dal Titolare attraverso il proprio sito, esclusivamente al fine di eseguire il servizio o la prestazione richiesta o per gli adempimenti previsti da norme di legge o di regolamento. Nell\u2019ambito di tali finalit\u00e0 il trattamento riguarda anche i dati relativi alle iscrizioni\/registrazioni al sito web necessari per la gestione dei rapporti con il Titolare, nonch\u00e9 per consentire un\u2019efficace comunicazione e per adempiere ad eventuali obblighi di legge, regolamentari o contrattuali.<\/p>\r\n<h2>Luogo e modalit\u00e0 del trattamento<\/h2>\r\n<p>I trattamenti connessi ai servizi web di questo sito hanno luogo presso la sede del Titolare e sono curati solo da personale tecnico autorizzato del trattamento.<\/p>\r\n<p>Specifiche misure tecniche e organizzative di sicurezza sono osservate per prevenire la perdita dei dati, usi illeciti o non corretti ed accessi non autorizzati. I dati possono essere trattati esclusivamente da personale autorizzato\u00a0 al trattamento, secondo i principi di correttezza, liceit\u00e0, trasparenza, pertinenza e non eccedenza alle finalit\u00e0 di raccolta e di successivo trattamento.<\/p>\r\n<p>I dati personali degli utenti che richiedono documenti o materiale informativo (newsletter, risposte a quesiti, etc.) sono utilizzati solo per eseguire il servizio o la prestazione richiesta e non sono oggetto di cessione o diffusione.<\/p>\r\n<h2>Tipologia dei dati trattati e destinatari<\/h2>\r\n<p>Le categorie dei dati trattati nonch\u00e9 le categorie dei destinatari a cui si riferiscono i dati sono riportate nel Registro delle attivit\u00e0 di trattamento disponibile presso la sede del Titolare.<\/p>\r\n<h2>Periodo di conservazione<\/h2>\r\n<p>I dati verranno conservati per un periodo di tempo non superiore al conseguimento delle finalit\u00e0 sopra indicate (\u201cprincipio di limitazione della conservazione\u201d, art.\u00a0 5 del Regolamento UE n. 2016\/679) o in base alle scadenze previste dalle norme di legge.<\/p>\r\n<h1>Trasferimento dei dati all\u2019estero<\/h1>\r\n<p>I dati non vengono trasferiti a un paese terzo al di fuori della Unione Europea o ad Organizzazioni Internazionali.<\/p>\r\n<h2>Diritti dell\u2019interessato<\/h2>\r\n<p>Ai sensi degli artt. 15 e ss. del Regolamento,\u00a0l\u2019interessato ha il diritto di chiedere al Titolare del trattamento:<\/p>\r\n<ul>\r\n<li>l\u2019accesso ai propri dati personali;<\/li>\r\n<li>la rettifica o la cancellazione degli stessi o la limitazione del trattamento che lo riguardano;<\/li>\r\n<li>l\u2019opposizione al trattamento;<\/li>\r\n<li>la portabilit\u00e0 dei dati nei termini di cui all\u2019art. 20 cit.;<\/li>\r\n<li>qualora il trattamento sia basato sull\u2019articolo 6, paragrafo 1, lettera a), oppure sull\u2019articolo 9, paragrafo 2, lettera a), cit. la revoca del consenso in qualsiasi momento senza pregiudicare la liceit\u00e0 del trattamento basata sul consenso prestato prima della revoca.<\/li>\r\n<\/ul>\r\n<p>Fatto salvo ogni altro ricorso amministrativo o giurisdizionale, l\u2019interessato che ritenga che il trattamento che lo riguarda violi il GDPR ha il diritto di proporre reclamo a un\u2019autorit\u00e0 di controllo, segnatamente nello Stato membro in cui risiede abitualmente, lavora oppure del luogo ove si \u00e8 verificata la presunta violazione ai sensi dell\u2019art. 77 cit. (l\u2019autorit\u00e0 di controllo italiana \u00e8 il Garante per la protezione dei dati personali).<\/p>\r\n<p>Per esercitare i diritti di cui sopra l\u2019interessato potr\u00e0 rivolgersi al Titolare del trattamento dei dati personali \u00a0ai recapiti meglio sopra indicati.<\/p>\r\n<h2>Aggiornamenti<\/h2>\r\n<p>La privacy policy di questo sito web \u00e8 soggetta ad aggiornamenti; gli utenti sono pertanto invitati a verificarne periodicamente il contenuto<\/p>\r\n<h2 id=\"cookiescript_overlay\"><span style=\"font-size: 30px;\">Cosa sono i cookies?<\/span><\/h2>\r\n<div id=\"cookiescript_info_box\">\r\n<div id=\"cookiescript_info_content\">\r\n<p>Un cookie \u00e8 un piccolo file di testo che i siti salvano sul tuo computer o dispositivo mobile mentre li visiti. Grazie ai cookies il sito ricorda le tue azioni e preferenze (per es. login, lingua, dimensioni dei caratteri e altre impostazioni di visualizzazione) in modo che tu non debba reinserirle quando torni sul sito o navighi da una pagina all\u2019altra.<\/p>\r\n<p>Per meglio comprendere le informazioni su cosa sono, a cosa servono e come funzionano i cookie, i cookie si possono dividere in 5 categorie:<br \/><br \/>1 &#8211;\u00a0<strong>Cookie necessari<\/strong>: questi cookie, detti anche cookie tecnici, sono indispensabili poich\u00e8 consentono di muoversi all\u2019interno del sito internet e di utilizzare le sue funzioni. Senza questi cookie, l\u2019accesso al alcune parti del sito o l\u2019utilizzo di alcuni servizi potrebbe risultare impossibile.<br \/><br \/>2 &#8211;\u00a0<strong>Cookie di funzionalit\u00e0<\/strong>: questi cookie memorizzano le scelte che sono state fatte dall\u2019utente sul sito internet (come le diverse ricerche che ha fatto o la lingua che ha scelto) e forniscono funzioni migliorate e pi\u00f9 personalizzate. Possono altres\u00ec essere utilizzati per fornire servizi che sono stati richiesti (come vedere un video, una mappa geografica o inserire commenti su un blog).<br \/><br \/>3 &#8211;\u00a0<strong>Cookie di prestazione<\/strong>: questi cookie raccolgono informazioni su come l\u2019utente usa il sito internet (per esempio quali pagine visita pi\u00f9 spesso e se riceve messaggi di errore dalle pagine del sito). Le informazione accumulate da questi cookie sono utilizzate solo per migliorare il funzionamento del sito internet. Alcuni di questi cookie sono cookie di terzi.<br \/><br \/>4 &#8211;\u00a0<strong>Cookie per fini statistici<\/strong>: questi cookie sono utilizzati per analizzare statisticamente gli accessi\/le visite al sito (cookie cosiddetti &#8220;analytics&#8221;) se perseguono esclusivamente scopi statistici e raccolgono informazioni in forma aggregata. Questi cookie sono generalmente cookie di terzi.<br \/><br \/>5 &#8211;\u00a0<strong>Cookie pubblicitari o di marketing<\/strong>: si tratta di cookie che servono per fornire annunci pubblicitari che siano pi\u00f9 adatti per l\u2019utente e per i suoi interessi. Sono altres\u00ec utilizzati per ridurre il numero delle volte in cui un utente vedete un messaggio pubblicitario e aiutano a verificare l\u2019efficacia di una campagna pubblicitaria. Questi cookie sono generalmente cookie di terzi.<\/p>\r\n<p>Nessun dato personale degli utenti viene in proposito acquisito dal sito. I cookies di sessione utilizzati in questo sito evitano il ricorso ad altre tecniche informatiche potenzialmente pregiudizievoli per la riservatezza della navigazione degli utenti e non consentono l\u2019acquisizione di dati personali identificativi dell\u2019utente.<\/p>\r\n<h2>A che cosa servono i cookies?<\/h2>\r\n<p>Utilizziamo i cookie e altri dati memorizzati sul dispositivo per:<\/p>\r\n<ul>\r\n<li>fornire una migliore esperienza online<\/li>\r\n<li>permettere di impostare le preferenze personali<\/li>\r\n<li>proteggere la vostra sicurezza<\/li>\r\n<li>valutare e migliorare il nostro servizio<\/li>\r\n<li>collaborare con i partner e misurare le performance marketing<\/li>\r\n<\/ul>\r\n<h2>Quali sono le informazioni mantenute dal cookie?<\/h2>\r\n<p>Un cookie in genere contiene<\/p>\r\n<ul>\r\n<li>il nome del sito da cui sei arrivato<\/li>\r\n<li>per quanto tempo il cookie rimarr\u00e0 installato sul vostro computer o dispositivo tablet\/smartphone<\/li>\r\n<li>un valore, solitamente un numero, generato in modo casuale<\/li>\r\n<\/ul>\r\n<h2>Quanto tempo i cookie rimangono sul tuo computer?<\/h2>\r\n<p><strong>Cookie di sessione<\/strong>\u00a0&#8211; questi cookie rimangono solo fino alla chiusura del browser. Non vengono memorizzati sul disco rigido. Sono di solito utilizzati per tenere traccia delle pagine visitate in modo che le informazioni possano essere personalizzate per voi per quella visita.<\/p>\r\n<p><strong>Cookie permanenti<\/strong>\u00a0&#8211; sono memorizzati sul disco fisso finch\u00e8 non vengono cancellati o raggiungono la loro data di scadenza. Questi possono, ad esempio, essere utilizzati per ricordare le preferenze quando si utilizza il sito.<\/p>\r\n<h2>Come i cookie influenzano la tua privacy?<\/h2>\r\n<p>Potete visitare il nostro sito web senza rivelare alcuna informazione personale.<\/p>\r\n<p>Proteggiamo le tue informazioni personali con molta attenzione. La sicurezza e la sicurezza dei vostri dati personali \u00e8 molto importante per noi.<\/p>\r\n<p>Ogni utente pu\u00f9 disattivare\/attivare i cookie dal suo dispositivo attraverso il suo browser internet. Se non vengono abilitati i cookie sul dispositivo di un utente, la sua esperienza sul nostro sito internet potrebbe essere limitata. Navigando sul nostro sito e non disattivando i cookie attraverso il browser, l\u2019utente esprime il consenso al posizionamento di cookie sul suo dispositivo.<\/p>\r\n<h2>Come disabilitare\/abilitare i cookies?<\/h2>\r\n<p>Potrete disattivare\/attivare i cookies dal Vostro dispositivo attraverso il Vostro browser internet. Di seguito le indicazioni di come potrete gestire i cookies sul Vostro computer attraverso alcuni dei principali browser internet. Per le informazioni su come gestire i cookies sul Vostro tablet e\/o telefono cellulare Vi preghiamo di consultare la Vostra documentazione o i file online di aiuto.<\/p>\r\n<ul>\r\n<li><strong>Google Chrome<\/strong>: Nel menu impostazioni, selezionare &#8220;mostra impostazioni avanzate&#8221; in fondo alla pagina. Selezionare il tasto &#8220;contenuto impostazioni&#8221; nella sezione privacy. La sezione in alto alla pagina che appare successivamente Vi spiega i cookies e vi permette di selezionare i cookies che volete. Vi consente anche di cancellare ogni cookie attualmente archiviato.<\/li>\r\n<li><strong>Mozilla Firefox<\/strong>: Nel men\u00f9 degli strumenti, selezionare &#8220;opzioni&#8221;. Selezionare il tasto &#8220;privacy&#8221; nella cartella &#8220;opzioni&#8221;. Dal men\u00f9 a tendina scegliere &#8220;impostazioni cronologia&#8221;. Questo Vi mostrer\u00e0 le opzioni per i cookies e potrete scegliere di abilitarli o disabilitarli cliccando sulla casella.<\/li>\r\n<li><strong>Internet Explorer 6+<\/strong>: sulla barra dei men\u00f9, selezionare &#8220;opzioni internet&#8221;. Cliccare sul tasto &#8220;privacy&#8221;. Vedrete un cursore delle impostazioni privacy che possiede sei impostazioni che Vi consentono di controllare il numero dei cookies che saranno posizionati: Blocca tutti i Cookies, Alta, Media alta, Media (livello predefinito), Bassa, e Accetta tutti i Cookies.<\/li>\r\n<li><strong>Safari browser<\/strong>: Nel men\u00f9 impostazioni, selezionare opzione &#8220;preferenze&#8221;. Aprire la sezione privacy. Selezionare l\u2019opzione che vuoi dalla sezione &#8220;blocco cookies&#8221;.<\/li>\r\n<li><strong>Tutti gli altri browsers<\/strong>: Per le informazioni su come gestire i cookies attraverso altri browser, consultate la Vostra documentazione o i file online di aiuto.<\/li>\r\n<\/ul>\r\n<p>Per non ricevere i cookie di Google Analytics visita la pagina:\u00a0<a title=\"disabilita cookie Google Analyrtics\" href=\"https:\/\/tools.google.com\/dlpage\/gaoptout\/\" target=\"_blanck\" rel=\"noopener noreferrer\">https:\/\/tools.google.com\/dlpage\/gaoptout\/<\/a><\/p>\r\n<h2>Monitoraggio e statistiche<\/h2>\r\n<p>Questo sito Web utilizza un servizio di Web Analytics fornito da Google. Il sistema di misurazione pu\u00f2 far uso di &#8220;cookies&#8221;, piccoli file di testo che vengono depositati sul PC del navigatore per consentire di analizzare anonimamente le modalit\u00e0 di utilizzo del sito. Le informazioni, completamente anonime, memorizzate nei cookies sono: data e ora di accesso al sito, ID univoco, ID di sessione. Questi dati vengono inviati ai server Google dove \u00e8 stato installato il software Google Analytics per elaborare report relativi alle modalit\u00e0 di utilizzo di questo sito Web, alle attivit\u00e0 di web marketing, nonch\u00e8 per fornire al navigatore funzionalit\u00e0 e interazione durante la navigazione. Google potrebbe trasferire queste informazioni a terzi che trattino dati per suo nome e conto, o qualora ci\u00f2 sia imposto da norme imperative. In qualunque momento \u00e8 possibile disabilitare i cookies dal PC modificando le impostazioni di Sicurezza e Privacy presenti sul browser, ma quest\u2019opzione potrebbe limitare molte delle funzionalit\u00e0 di navigazione del sito. L\u2019informativa completa, resa ai sensi dell\u2019art. 13 D. lgs. n. 196\/03, \u00e8 disponibile su http:\/\/www.google.it\/intl\/it\/policies\/. Proseguendo la navigazione sul presente sito, dichiari di aver preso visione dell\u2019informativa di cui all\u2019art. 13 D. lgs. n. 196\/03 e manifesti il consenso informato al trattamento dei tuoi dati personali da parte di Google, con le modalit\u00e0 e ai fini sopraindicati<\/p>\r\n<h2>Approfondimenti<\/h2>\r\n<p>Per approfondire la normativa\u00a0<a title=\"cookie garante privacy\" href=\"http:\/\/www.garanteprivacy.it\/web\/guest\/home\/docweb\/-\/docweb-display\/docweb\/3167231\" target=\"_blanck\" rel=\"noopener noreferrer\">vai al sito del Garante della Privacy<\/a><\/p>\r\n<\/div>\r\n<\/div>\r\n<h2><\/h2>\r\n<h1><\/h1>\r\n","protected":false},"excerpt":{"rendered":"","protected":false},"author":1,"featured_media":0,"parent":0,"menu_order":0,"comment_status":"closed","ping_status":"open","template":"","meta":{"footnotes":""},"class_list":["post-612","page","type-page","status-publish","hentry"],"yoast_head":"<!-- This site is optimized with the Yoast SEO plugin v27.6 - https:\/\/yoast.com\/product\/yoast-seo-wordpress\/ -->\n<title>Privacy Policy - Slurry - Lavorazioni stradali speciali<\/title>\n<meta name=\"robots\" content=\"noindex, follow\" \/>\n<meta property=\"og:locale\" content=\"en_US\" \/>\n<meta property=\"og:type\" content=\"article\" \/>\n<meta property=\"og:title\" content=\"Privacy Policy - Slurry - Lavorazioni stradali speciali\" \/>\n<meta property=\"og:url\" content=\"https:\/\/www.slurrysrl.com\/en\/privacy-policy-en\/\" \/>\n<meta property=\"og:site_name\" content=\"Slurry - Lavorazioni stradali speciali\" \/>\n<meta property=\"article:publisher\" content=\"https:\/\/www.facebook.com\/slurrysrl\/\" \/>\n<meta property=\"article:modified_time\" content=\"2020-04-08T15:15:02+00:00\" \/>\n<meta property=\"og:image\" content=\"https:\/\/www.slurrysrl.com\/wp-content\/uploads\/2020\/03\/logo.png\" \/>\n\t<meta property=\"og:image:width\" content=\"273\" \/>\n\t<meta property=\"og:image:height\" content=\"150\" \/>\n\t<meta property=\"og:image:type\" content=\"image\/png\" \/>\n<meta name=\"twitter:card\" content=\"summary_large_image\" \/>\n<meta name=\"twitter:label1\" content=\"Est. reading time\" \/>\n\t<meta name=\"twitter:data1\" content=\"9 minutes\" \/>\n<script type=\"application\/ld+json\" class=\"yoast-schema-graph\">{\"@context\":\"https:\\\/\\\/schema.org\",\"@graph\":[{\"@type\":\"WebPage\",\"@id\":\"https:\\\/\\\/www.slurrysrl.com\\\/en\\\/privacy-policy-en\\\/\",\"url\":\"https:\\\/\\\/www.slurrysrl.com\\\/en\\\/privacy-policy-en\\\/\",\"name\":\"Privacy Policy - Slurry - Lavorazioni stradali speciali\",\"isPartOf\":{\"@id\":\"https:\\\/\\\/www.slurrysrl.com\\\/en\\\/#website\"},\"datePublished\":\"2020-03-30T08:15:04+00:00\",\"dateModified\":\"2020-04-08T15:15:02+00:00\",\"breadcrumb\":{\"@id\":\"https:\\\/\\\/www.slurrysrl.com\\\/en\\\/privacy-policy-en\\\/#breadcrumb\"},\"inLanguage\":\"en-US\",\"potentialAction\":[{\"@type\":\"ReadAction\",\"target\":[\"https:\\\/\\\/www.slurrysrl.com\\\/en\\\/privacy-policy-en\\\/\"]}]},{\"@type\":\"BreadcrumbList\",\"@id\":\"https:\\\/\\\/www.slurrysrl.com\\\/en\\\/privacy-policy-en\\\/#breadcrumb\",\"itemListElement\":[{\"@type\":\"ListItem\",\"position\":1,\"name\":\"Home\",\"item\":\"https:\\\/\\\/www.slurrysrl.com\\\/en\\\/\"},{\"@type\":\"ListItem\",\"position\":2,\"name\":\"Privacy Policy\"}]},{\"@type\":\"WebSite\",\"@id\":\"https:\\\/\\\/www.slurrysrl.com\\\/en\\\/#website\",\"url\":\"https:\\\/\\\/www.slurrysrl.com\\\/en\\\/\",\"name\":\"Slurry - Lavorazioni stradali speciali\",\"description\":\"Slurry - Lavorazioni stradali speciali\",\"potentialAction\":[{\"@type\":\"SearchAction\",\"target\":{\"@type\":\"EntryPoint\",\"urlTemplate\":\"https:\\\/\\\/www.slurrysrl.com\\\/en\\\/?s={search_term_string}\"},\"query-input\":{\"@type\":\"PropertyValueSpecification\",\"valueRequired\":true,\"valueName\":\"search_term_string\"}}],\"inLanguage\":\"en-US\"}]}<\/script>\n<!-- \/ Yoast SEO plugin. -->","yoast_head_json":{"title":"Privacy Policy - Slurry - Lavorazioni stradali speciali","robots":{"index":"noindex","follow":"follow"},"og_locale":"en_US","og_type":"article","og_title":"Privacy Policy - Slurry - Lavorazioni stradali speciali","og_url":"https:\/\/www.slurrysrl.com\/en\/privacy-policy-en\/","og_site_name":"Slurry - Lavorazioni stradali speciali","article_publisher":"https:\/\/www.facebook.com\/slurrysrl\/","article_modified_time":"2020-04-08T15:15:02+00:00","og_image":[{"width":273,"height":150,"url":"https:\/\/www.slurrysrl.com\/wp-content\/uploads\/2020\/03\/logo.png","type":"image\/png"}],"twitter_card":"summary_large_image","twitter_misc":{"Est. reading time":"9 minutes"},"schema":{"@context":"https:\/\/schema.org","@graph":[{"@type":"WebPage","@id":"https:\/\/www.slurrysrl.com\/en\/privacy-policy-en\/","url":"https:\/\/www.slurrysrl.com\/en\/privacy-policy-en\/","name":"Privacy Policy - Slurry - Lavorazioni stradali speciali","isPartOf":{"@id":"https:\/\/www.slurrysrl.com\/en\/#website"},"datePublished":"2020-03-30T08:15:04+00:00","dateModified":"2020-04-08T15:15:02+00:00","breadcrumb":{"@id":"https:\/\/www.slurrysrl.com\/en\/privacy-policy-en\/#breadcrumb"},"inLanguage":"en-US","potentialAction":[{"@type":"ReadAction","target":["https:\/\/www.slurrysrl.com\/en\/privacy-policy-en\/"]}]},{"@type":"BreadcrumbList","@id":"https:\/\/www.slurrysrl.com\/en\/privacy-policy-en\/#breadcrumb","itemListElement":[{"@type":"ListItem","position":1,"name":"Home","item":"https:\/\/www.slurrysrl.com\/en\/"},{"@type":"ListItem","position":2,"name":"Privacy Policy"}]},{"@type":"WebSite","@id":"https:\/\/www.slurrysrl.com\/en\/#website","url":"https:\/\/www.slurrysrl.com\/en\/","name":"Slurry - Lavorazioni stradali speciali","description":"Slurry - Lavorazioni stradali speciali","potentialAction":[{"@type":"SearchAction","target":{"@type":"EntryPoint","urlTemplate":"https:\/\/www.slurrysrl.com\/en\/?s={search_term_string}"},"query-input":{"@type":"PropertyValueSpecification","valueRequired":true,"valueName":"search_term_string"}}],"inLanguage":"en-US"}]}},"_links":{"self":[{"href":"https:\/\/www.slurrysrl.com\/en\/wp-json\/wp\/v2\/pages\/612","targetHints":{"allow":["GET"]}}],"collection":[{"href":"https:\/\/www.slurrysrl.com\/en\/wp-json\/wp\/v2\/pages"}],"about":[{"href":"https:\/\/www.slurrysrl.com\/en\/wp-json\/wp\/v2\/types\/page"}],"author":[{"embeddable":true,"href":"https:\/\/www.slurrysrl.com\/en\/wp-json\/wp\/v2\/users\/1"}],"replies":[{"embeddable":true,"href":"https:\/\/www.slurrysrl.com\/en\/wp-json\/wp\/v2\/comments?post=612"}],"version-history":[{"count":6,"href":"https:\/\/www.slurrysrl.com\/en\/wp-json\/wp\/v2\/pages\/612\/revisions"}],"predecessor-version":[{"id":761,"href":"https:\/\/www.slurrysrl.com\/en\/wp-json\/wp\/v2\/pages\/612\/revisions\/761"}],"wp:attachment":[{"href":"https:\/\/www.slurrysrl.com\/en\/wp-json\/wp\/v2\/media?parent=612"}],"curies":[{"name":"wp","href":"https:\/\/api.w.org\/{rel}","templated":true}]}}